{"id":7,"date":"2021-09-02T17:42:10","date_gmt":"2021-09-02T15:42:10","guid":{"rendered":"http:\/\/nathalie-dousset.fr\/?page_id=7"},"modified":"2025-10-24T11:36:14","modified_gmt":"2025-10-24T09:36:14","slug":"a-propos-de","status":"publish","type":"page","link":"https:\/\/nathalie-dousset.fr\/index.php\/a-propos-de\/","title":{"rendered":"\u00c0 propos de"},"content":{"rendered":"\t\t<div data-elementor-type=\"wp-page\" data-elementor-id=\"7\" class=\"elementor elementor-7\">\n\t\t\t\t\t\t<section class=\"elementor-section elementor-top-section elementor-element elementor-element-674345a elementor-section-boxed elementor-section-height-default elementor-section-height-default\" data-id=\"674345a\" data-element_type=\"section\" data-e-type=\"section\">\n\t\t\t\t\t\t<div class=\"elementor-container elementor-column-gap-default\">\n\t\t\t\t\t<div class=\"elementor-column elementor-col-50 elementor-top-column elementor-element elementor-element-df26147\" data-id=\"df26147\" data-element_type=\"column\" data-e-type=\"column\">\n\t\t\t<div class=\"elementor-widget-wrap elementor-element-populated\">\n\t\t\t\t\t\t<div class=\"elementor-element elementor-element-bec7fa4 elementor-widget elementor-widget-image\" data-id=\"bec7fa4\" data-element_type=\"widget\" data-e-type=\"widget\" data-widget_type=\"image.default\">\n\t\t\t\t<div class=\"elementor-widget-container\">\n\t\t\t\t\t\t\t\t\t\t\t\t\t\t\t<img fetchpriority=\"high\" decoding=\"async\" width=\"525\" height=\"787\" src=\"https:\/\/nathalie-dousset.fr\/wp-content\/uploads\/2021\/10\/Nathalie_1_sepia-683x1024.jpg\" class=\"attachment-large size-large wp-image-625\" alt=\"\" srcset=\"https:\/\/nathalie-dousset.fr\/wp-content\/uploads\/2021\/10\/Nathalie_1_sepia-683x1024.jpg 683w, https:\/\/nathalie-dousset.fr\/wp-content\/uploads\/2021\/10\/Nathalie_1_sepia-scaled-350x525.jpg 350w, https:\/\/nathalie-dousset.fr\/wp-content\/uploads\/2021\/10\/Nathalie_1_sepia-200x300.jpg 200w, https:\/\/nathalie-dousset.fr\/wp-content\/uploads\/2021\/10\/Nathalie_1_sepia-768x1152.jpg 768w, https:\/\/nathalie-dousset.fr\/wp-content\/uploads\/2021\/10\/Nathalie_1_sepia-1024x1536.jpg 1024w, https:\/\/nathalie-dousset.fr\/wp-content\/uploads\/2021\/10\/Nathalie_1_sepia-1365x2048.jpg 1365w, https:\/\/nathalie-dousset.fr\/wp-content\/uploads\/2021\/10\/Nathalie_1_sepia-1320x1980.jpg 1320w, https:\/\/nathalie-dousset.fr\/wp-content\/uploads\/2021\/10\/Nathalie_1_sepia-scaled.jpg 1707w\" sizes=\"100vw\" \/>\t\t\t\t\t\t\t\t\t\t\t\t\t\t\t<\/div>\n\t\t\t\t<\/div>\n\t\t\t\t\t<\/div>\n\t\t<\/div>\n\t\t\t\t<div class=\"elementor-column elementor-col-50 elementor-top-column elementor-element elementor-element-467855f\" data-id=\"467855f\" data-element_type=\"column\" data-e-type=\"column\">\n\t\t\t<div class=\"elementor-widget-wrap elementor-element-populated\">\n\t\t\t\t\t\t<div class=\"elementor-element elementor-element-7f59f30 elementor-widget elementor-widget-text-editor\" data-id=\"7f59f30\" data-element_type=\"widget\" data-e-type=\"widget\" data-widget_type=\"text-editor.default\">\n\t\t\t\t<div class=\"elementor-widget-container\">\n\t\t\t\t\t\t\t\t\t<p><\/p>\n<p>Artiste pluridisciplinaire autodidacte,&nbsp; j&rsquo;ai d\u00e9marr\u00e9 sa carri\u00e8re professionnelle dans un laboratoire de recherche scientifique du CNRS \u00e0 mille lieux de la cr\u00e9ation artistique. Puis mon parcours professionnel m&rsquo;a conduite \u00e0 m\u2019installer dans plusieurs r\u00e9gions pour finalement \u00ab&nbsp;atterrir&nbsp;\u00bb dans la merveilleuse Ville Rose tutoyant d\u00e9sormais au quotidien de beaux gros oiseaux \u00e0 moteurs.<\/p>\n<p>Et l\u2019Art dans tout \u00e7a&nbsp;? Il a toujours fait partie int\u00e9grante de ma vie depuis mon enfance puis au lyc\u00e9e, o\u00f9 les cours de dessin \u00e9taient plus qu\u2019un r\u00e9el plaisir bien au-del\u00e0 d\u2019une contrainte. Ma curiosit\u00e9 d\u00e9velopp\u00e9e dans ma vie professionnelle, m\u2019a amen\u00e9e \u00e0 d\u00e9couvrir, tester, essayer, et r\u00e9essayer plusieurs disciples artistiques d\u00e9veloppant \u00e9galement son c\u00f4t\u00e9 autodidacte.<\/p>\n<p>Mes rencontres artistiques riches de d\u00e9couvertes et mes \u00e9tudes d\u2019art men\u00e9es en parall\u00e8le ont contribu\u00e9 \u00e0 ma peinture d\u2019aujourd\u2019hui.<\/p>\n<p>D\u00e9sormais, les couleurs, les ombres et les lumi\u00e8res, la sensualit\u00e9 des femmes font parties de mes compositions que je r\u00e9alise avec passion le plus souvent \u00e0 l\u2019huile au couteau, ma technique de pr\u00e9dilection pour que l<span style=\"color: var( --e-global-color-text ); font-family: var( --e-global-typography-text-font-family ), Sans-serif; font-weight: var( --e-global-typography-text-font-weight ); font-size: 1rem;\">e monde trouve un peu de douceurs, de qui\u00e9tudes et d&rsquo;amour.<\/span><\/p>\t\t\t\t\t\t\t\t<\/div>\n\t\t\t\t<\/div>\n\t\t\t\t\t<\/div>\n\t\t<\/div>\n\t\t\t\t\t<\/div>\n\t\t<\/section>\n\t\t\t\t<section class=\"elementor-section elementor-top-section elementor-element elementor-element-01396d4 elementor-section-boxed elementor-section-height-default elementor-section-height-default\" data-id=\"01396d4\" data-element_type=\"section\" data-e-type=\"section\">\n\t\t\t\t\t\t<div class=\"elementor-container elementor-column-gap-default\">\n\t\t\t\t\t<div class=\"elementor-column elementor-col-50 elementor-top-column elementor-element elementor-element-b359729\" data-id=\"b359729\" data-element_type=\"column\" data-e-type=\"column\">\n\t\t\t<div class=\"elementor-widget-wrap\">\n\t\t\t\t\t\t\t<\/div>\n\t\t<\/div>\n\t\t\t\t<div class=\"elementor-column elementor-col-50 elementor-top-column elementor-element elementor-element-6a862db\" data-id=\"6a862db\" data-element_type=\"column\" data-e-type=\"column\">\n\t\t\t<div class=\"elementor-widget-wrap elementor-element-populated\">\n\t\t\t\t\t\t<div class=\"elementor-element elementor-element-677f5b7 elementor-widget elementor-widget-image\" data-id=\"677f5b7\" data-element_type=\"widget\" data-e-type=\"widget\" data-widget_type=\"image.default\">\n\t\t\t\t<div class=\"elementor-widget-container\">\n\t\t\t\t\t\t\t\t\t\t\t\t\t\t\t<img decoding=\"async\" width=\"525\" height=\"351\" src=\"https:\/\/nathalie-dousset.fr\/wp-content\/uploads\/2021\/09\/signature-768x514.jpg\" class=\"attachment-medium_large size-medium_large wp-image-513\" alt=\"\" srcset=\"https:\/\/nathalie-dousset.fr\/wp-content\/uploads\/2021\/09\/signature-768x514.jpg 768w, https:\/\/nathalie-dousset.fr\/wp-content\/uploads\/2021\/09\/signature-350x234.jpg 350w, https:\/\/nathalie-dousset.fr\/wp-content\/uploads\/2021\/09\/signature-300x201.jpg 300w, https:\/\/nathalie-dousset.fr\/wp-content\/uploads\/2021\/09\/signature-1024x685.jpg 1024w, https:\/\/nathalie-dousset.fr\/wp-content\/uploads\/2021\/09\/signature.jpg 1082w\" sizes=\"100vw\" \/>\t\t\t\t\t\t\t\t\t\t\t\t\t\t\t<\/div>\n\t\t\t\t<\/div>\n\t\t\t\t\t<\/div>\n\t\t<\/div>\n\t\t\t\t\t<\/div>\n\t\t<\/section>\n\t\t\t\t<section class=\"elementor-section elementor-top-section elementor-element elementor-element-dc7ef1f elementor-section-boxed elementor-section-height-default elementor-section-height-default\" data-id=\"dc7ef1f\" data-element_type=\"section\" data-e-type=\"section\">\n\t\t\t\t\t\t<div class=\"elementor-container elementor-column-gap-default\">\n\t\t\t\t\t<div class=\"elementor-column elementor-col-50 elementor-top-column elementor-element elementor-element-9594e41\" data-id=\"9594e41\" data-element_type=\"column\" data-e-type=\"column\">\n\t\t\t<div class=\"elementor-widget-wrap elementor-element-populated\">\n\t\t\t\t\t\t<div class=\"elementor-element elementor-element-65067e8 elementor-align-right elementor-widget elementor-widget-button\" data-id=\"65067e8\" data-element_type=\"widget\" data-e-type=\"widget\" data-widget_type=\"button.default\">\n\t\t\t\t<div class=\"elementor-widget-container\">\n\t\t\t\t\t\t\t\t\t<div class=\"elementor-button-wrapper\">\n\t\t\t\t\t<a class=\"elementor-button elementor-button-link elementor-size-sm\" href=\"https:\/\/nathalie-dousset.fr\/wp-content\/uploads\/2025\/10\/CV-2025.pdf\">\n\t\t\t\t\t\t<span class=\"elementor-button-content-wrapper\">\n\t\t\t\t\t\t\t\t\t<span class=\"elementor-button-text\">Mon CV<\/span>\n\t\t\t\t\t<\/span>\n\t\t\t\t\t<\/a>\n\t\t\t\t<\/div>\n\t\t\t\t\t\t\t\t<\/div>\n\t\t\t\t<\/div>\n\t\t\t\t\t<\/div>\n\t\t<\/div>\n\t\t\t\t<div class=\"elementor-column elementor-col-50 elementor-top-column elementor-element elementor-element-ca7b119\" data-id=\"ca7b119\" data-element_type=\"column\" data-e-type=\"column\">\n\t\t\t<div class=\"elementor-widget-wrap elementor-element-populated\">\n\t\t\t\t\t\t<div class=\"elementor-element elementor-element-7f6866b elementor-button-info elementor-align-left elementor-widget elementor-widget-button\" data-id=\"7f6866b\" data-element_type=\"widget\" data-e-type=\"widget\" data-widget_type=\"button.default\">\n\t\t\t\t<div class=\"elementor-widget-container\">\n\t\t\t\t\t\t\t\t\t<div class=\"elementor-button-wrapper\">\n\t\t\t\t\t<a class=\"elementor-button elementor-button-link elementor-size-sm\" href=\"https:\/\/nathalie-dousset.fr\/wp-content\/uploads\/2025\/10\/DOUSSET_Nathalie_Dossier_artistique_et_CV.pdf\" target=\"_blank\" id=\"Mon dossier artistique\">\n\t\t\t\t\t\t<span class=\"elementor-button-content-wrapper\">\n\t\t\t\t\t\t\t\t\t<span class=\"elementor-button-text\">Mon dossier artistique<\/span>\n\t\t\t\t\t<\/span>\n\t\t\t\t\t<\/a>\n\t\t\t\t<\/div>\n\t\t\t\t\t\t\t\t<\/div>\n\t\t\t\t<\/div>\n\t\t\t\t\t<\/div>\n\t\t<\/div>\n\t\t\t\t\t<\/div>\n\t\t<\/section>\n\t\t\t\t<section class=\"elementor-section elementor-top-section elementor-element elementor-element-345745f elementor-section-boxed elementor-section-height-default elementor-section-height-default\" data-id=\"345745f\" data-element_type=\"section\" data-e-type=\"section\">\n\t\t\t\t\t\t<div class=\"elementor-container elementor-column-gap-default\">\n\t\t\t\t\t<div class=\"elementor-column elementor-col-100 elementor-top-column elementor-element elementor-element-0ae0533\" data-id=\"0ae0533\" data-element_type=\"column\" data-e-type=\"column\">\n\t\t\t<div class=\"elementor-widget-wrap\">\n\t\t\t\t\t\t\t<\/div>\n\t\t<\/div>\n\t\t\t\t\t<\/div>\n\t\t<\/section>\n\t\t\t\t<\/div>\n\t\t","protected":false},"excerpt":{"rendered":"<p>Artiste pluridisciplinaire autodidacte,&nbsp; j&rsquo;ai d\u00e9marr\u00e9 sa carri\u00e8re professionnelle dans un laboratoire de recherche scientifique du CNRS \u00e0 mille lieux de la cr\u00e9ation artistique. Puis mon parcours professionnel m&rsquo;a conduite \u00e0 m\u2019installer dans plusieurs r\u00e9gions pour finalement \u00ab&nbsp;atterrir&nbsp;\u00bb dans la merveilleuse Ville Rose tutoyant d\u00e9sormais au quotidien de beaux gros oiseaux \u00e0 moteurs. Et l\u2019Art dans &hellip; <\/p>\n<p class=\"link-more\"><a href=\"https:\/\/nathalie-dousset.fr\/index.php\/a-propos-de\/\" class=\"more-link\">Continuer la lecture<span class=\"screen-reader-text\"> de &laquo;&nbsp;\u00c0 propos de&nbsp;&raquo;<\/span><\/a><\/p>\n","protected":false},"author":1,"featured_media":0,"parent":0,"menu_order":0,"comment_status":"closed","ping_status":"closed","template":"elementor_header_footer","meta":{"footnotes":""},"class_list":["post-7","page","type-page","status-publish","hentry"],"jetpack_sharing_enabled":true,"_links":{"self":[{"href":"https:\/\/nathalie-dousset.fr\/index.php\/wp-json\/wp\/v2\/pages\/7","targetHints":{"allow":["GET"]}}],"collection":[{"href":"https:\/\/nathalie-dousset.fr\/index.php\/wp-json\/wp\/v2\/pages"}],"about":[{"href":"https:\/\/nathalie-dousset.fr\/index.php\/wp-json\/wp\/v2\/types\/page"}],"author":[{"embeddable":true,"href":"https:\/\/nathalie-dousset.fr\/index.php\/wp-json\/wp\/v2\/users\/1"}],"replies":[{"embeddable":true,"href":"https:\/\/nathalie-dousset.fr\/index.php\/wp-json\/wp\/v2\/comments?post=7"}],"version-history":[{"count":46,"href":"https:\/\/nathalie-dousset.fr\/index.php\/wp-json\/wp\/v2\/pages\/7\/revisions"}],"predecessor-version":[{"id":807,"href":"https:\/\/nathalie-dousset.fr\/index.php\/wp-json\/wp\/v2\/pages\/7\/revisions\/807"}],"wp:attachment":[{"href":"https:\/\/nathalie-dousset.fr\/index.php\/wp-json\/wp\/v2\/media?parent=7"}],"curies":[{"name":"wp","href":"https:\/\/api.w.org\/{rel}","templated":true}]}}